{"id":192,"date":"2024-04-12T13:09:21","date_gmt":"2024-04-12T11:09:21","guid":{"rendered":"http:\/\/stereostyle.pl\/wordpress\/?page_id=192"},"modified":"2024-04-29T15:41:35","modified_gmt":"2024-04-29T13:41:35","slug":"winyl","status":"publish","type":"page","link":"https:\/\/stereostyle.pl\/wordpress\/winyl\/","title":{"rendered":"Winyl"},"content":{"rendered":"\t\t<div data-elementor-type=\"wp-page\" data-elementor-id=\"192\" class=\"elementor elementor-192\">\n\t\t\t\t<div class=\"elementor-element elementor-element-126e47e e-grid e-con-boxed wpr-particle-no wpr-jarallax-no wpr-parallax-no wpr-sticky-section-no e-con e-parent\" data-id=\"126e47e\" data-element_type=\"container\" data-core-v316-plus=\"true\">\n\t\t\t\t\t<div class=\"e-con-inner\">\n\t\t\t\t<div class=\"elementor-element elementor-element-725c5b6 elementor-invisible elementor-widget elementor-widget-text-editor\" data-id=\"725c5b6\" data-element_type=\"widget\" data-settings=\"{&quot;_animation&quot;:&quot;fadeIn&quot;}\" data-widget_type=\"text-editor.default\">\n\t\t\t\t<div class=\"elementor-widget-container\">\n\t\t\t<style>\/*! elementor - v3.20.0 - 10-04-2024 *\/\n.elementor-widget-text-editor.elementor-drop-cap-view-stacked .elementor-drop-cap{background-color:#69727d;color:#fff}.elementor-widget-text-editor.elementor-drop-cap-view-framed .elementor-drop-cap{color:#69727d;border:3px solid;background-color:transparent}.elementor-widget-text-editor:not(.elementor-drop-cap-view-default) .elementor-drop-cap{margin-top:8px}.elementor-widget-text-editor:not(.elementor-drop-cap-view-default) .elementor-drop-cap-letter{width:1em;height:1em}.elementor-widget-text-editor .elementor-drop-cap{float:left;text-align:center;line-height:1;font-size:50px}.elementor-widget-text-editor .elementor-drop-cap-letter{display:inline-block}<\/style>\t\t\t\t<h3>Produkcja p\u0142yt winylowych \u2013 Informacje techniczne<\/h3>\nP\u0142yty winylowe lub gramofonowe wykonane s\u0105 z granulatu polichlorku winylu. Kiedy\u015b produkowano je z du\u017co mniej plastycznego materia\u0142u, dlatego wsp\u00f3\u0142czesne nieco si\u0119 r\u00f3\u017cni\u0105 (s\u0105 wi\u0119ksze i l\u017cejsze).\n\nWyr\u00f3\u017cniamy \u00a03 pr\u0119dko\u015bci odtwarzania \u00a0p\u0142yt winylowych \u2013\u00a0<span style=\"-webkit-font-smoothing: antialiased; text-rendering: optimizelegibility; font-weight: bold;\">33 1\/3 RPM<\/span>\u00a0(RPM = routes per minute, czyli ilo\u015b\u0107 obrot\u00f3w talerza na minut\u0119) ,\u00a0<span style=\"-webkit-font-smoothing: antialiased; text-rendering: optimizelegibility; font-weight: bold;\">45 obr.\/min.<\/span>, oraz\u00a0<span style=\"-webkit-font-smoothing: antialiased; text-rendering: optimizelegibility; font-weight: bold;\">78 obr.\/min.<\/span>\n<ul style=\"-webkit-font-smoothing: antialiased; text-rendering: optimizelegibility; padding: 0px; text-align: center; color: #444444; font-size: 16px; background-color: #fcfcfc;\">\n \t<li style=\"-webkit-font-smoothing: antialiased; text-rendering: optimizelegibility; background: #ffffff; list-style: none; box-shadow: rgba(0, 0, 0, 0.2) 0px 0px 40px; margin: 10px 0px; padding: 10px;\">Pr\u0119dko\u015b\u0107 33 obr.\/min. dotyczy g\u0142ownie p\u0142yt d\u0142ugograj\u0105cych (LP), (EP), czasami singli.<\/li>\n \t<li style=\"-webkit-font-smoothing: antialiased; text-rendering: optimizelegibility; background: #ffffff; list-style: none; box-shadow: rgba(0, 0, 0, 0.2) 0px 0px 40px; margin: 10px 0px; padding: 10px;\">Pr\u0119dko\u015b\u0107 45 obr.\/min. jest zdominowana przez winyle7\u2033, oraz single w formacie 12\u2033.<\/li>\n \t<li style=\"-webkit-font-smoothing: antialiased; text-rendering: optimizelegibility; background: #ffffff; list-style: none; box-shadow: rgba(0, 0, 0, 0.2) 0px 0px 40px; margin: 10px 0px; padding: 10px;\">Pr\u0119dko\u015b\u0107 78 obr.\/min. jest dzisiaj praktycznie niespotykana, mo\u017cna rzec \u2013 jest to przesz\u0142o\u015b\u0107.<\/li>\n<\/ul>\t\t\t\t\t\t<\/div>\n\t\t\t\t<\/div>\n\t\t\t\t<div class=\"elementor-element elementor-element-1d4c14d elementor-invisible elementor-widget elementor-widget-image\" data-id=\"1d4c14d\" data-element_type=\"widget\" data-settings=\"{&quot;_animation&quot;:&quot;fadeInRight&quot;}\" data-widget_type=\"image.default\">\n\t\t\t\t<div class=\"elementor-widget-container\">\n\t\t\t<style>\/*! elementor - v3.20.0 - 10-04-2024 *\/\n.elementor-widget-image{text-align:center}.elementor-widget-image a{display:inline-block}.elementor-widget-image a img[src$=\".svg\"]{width:48px}.elementor-widget-image img{vertical-align:middle;display:inline-block}<\/style>\t\t\t\t\t\t\t\t\t\t<img fetchpriority=\"high\" decoding=\"async\" width=\"1024\" height=\"1024\" src=\"https:\/\/stereostyle.pl\/wordpress\/wp-content\/uploads\/2024\/04\/IMG-20240404-WA0015-1024x1024.jpg\" class=\"attachment-large size-large wp-image-177\" alt=\"Vinyl records, Vinyls, Winyl, p\u0142yty winylowe, produkcja p\u0142yt winylowych, Stereo Style Vinyls, retro vinyl, retro winyl, Stereo Style retro winyl\" srcset=\"https:\/\/stereostyle.pl\/wordpress\/wp-content\/uploads\/2024\/04\/IMG-20240404-WA0015-1024x1024.jpg 1024w, https:\/\/stereostyle.pl\/wordpress\/wp-content\/uploads\/2024\/04\/IMG-20240404-WA0015-300x300.jpg 300w, https:\/\/stereostyle.pl\/wordpress\/wp-content\/uploads\/2024\/04\/IMG-20240404-WA0015-150x150.jpg 150w, https:\/\/stereostyle.pl\/wordpress\/wp-content\/uploads\/2024\/04\/IMG-20240404-WA0015-768x768.jpg 768w, https:\/\/stereostyle.pl\/wordpress\/wp-content\/uploads\/2024\/04\/IMG-20240404-WA0015.jpg 1080w\" sizes=\"(max-width: 1024px) 100vw, 1024px\" \/>\t\t\t\t\t\t\t\t\t\t\t\t\t<\/div>\n\t\t\t\t<\/div>\n\t\t\t\t\t<\/div>\n\t\t\t\t<\/div>\n\t\t<div class=\"elementor-element elementor-element-6440c35 e-grid e-con-boxed wpr-particle-no wpr-jarallax-no wpr-parallax-no wpr-sticky-section-no e-con e-parent\" data-id=\"6440c35\" data-element_type=\"container\" data-core-v316-plus=\"true\">\n\t\t\t\t\t<div class=\"e-con-inner\">\n\t\t\t\t<div class=\"elementor-element elementor-element-d741630 elementor-invisible elementor-widget elementor-widget-image\" data-id=\"d741630\" data-element_type=\"widget\" data-settings=\"{&quot;_animation&quot;:&quot;fadeInLeft&quot;}\" data-widget_type=\"image.default\">\n\t\t\t\t<div class=\"elementor-widget-container\">\n\t\t\t\t\t\t\t\t\t\t\t\t\t<img decoding=\"async\" width=\"1024\" height=\"1024\" src=\"https:\/\/stereostyle.pl\/wordpress\/wp-content\/uploads\/2024\/04\/adfghfjghfds-1024x1024.jpg\" class=\"attachment-large size-large wp-image-658\" alt=\"Vinyl records, Vinyls, Winyl, p\u0142yty winylowe, produkcja p\u0142yt winylowych, Stereo Style Vinyls, retro vinyl, retro winyl, Stereo Style retro winyl\" srcset=\"https:\/\/stereostyle.pl\/wordpress\/wp-content\/uploads\/2024\/04\/adfghfjghfds-1024x1024.jpg 1024w, https:\/\/stereostyle.pl\/wordpress\/wp-content\/uploads\/2024\/04\/adfghfjghfds-300x300.jpg 300w, https:\/\/stereostyle.pl\/wordpress\/wp-content\/uploads\/2024\/04\/adfghfjghfds-150x150.jpg 150w, https:\/\/stereostyle.pl\/wordpress\/wp-content\/uploads\/2024\/04\/adfghfjghfds-768x768.jpg 768w, https:\/\/stereostyle.pl\/wordpress\/wp-content\/uploads\/2024\/04\/adfghfjghfds.jpg 1080w\" sizes=\"(max-width: 1024px) 100vw, 1024px\" \/>\t\t\t\t\t\t\t\t\t\t\t\t\t<\/div>\n\t\t\t\t<\/div>\n\t\t\t\t<div class=\"elementor-element elementor-element-5e7317e elementor-invisible elementor-widget elementor-widget-text-editor\" data-id=\"5e7317e\" data-element_type=\"widget\" data-settings=\"{&quot;_animation&quot;:&quot;fadeIn&quot;}\" data-widget_type=\"text-editor.default\">\n\t\t\t\t<div class=\"elementor-widget-container\">\n\t\t\t\t\t\t\t<p><strong>Direct Metal Mastering<\/strong>\u00a0(DMM) to nazwa procesu stosowanego przy produkcji analogowych p\u0142yt drobnorowkowych. Technika DMM zosta\u0142a opracowana jako doskonalsza alternatywa dla tradycyjnego procesu przygotowania matryc s\u0142u\u017c\u0105cych do t\u0142oczenia p\u0142yt winylowych.<\/p><p>W tradycyjnym procesie produkcji p\u0142yt winylowych pierwszym etapem jest nacinanie lakierowanego dysku (ang. lacquer disc), kt\u00f3ry s\u0142u\u017cy do wykonania kolejnych metalowych kopii. Kolejne generacje nazywa si\u0119 ojcem (negatyw), matk\u0105 (pozytyw) i na ko\u0144cu mamy ju\u017c matryce (negatyw) u\u017cywane bezpo\u015brednio do t\u0142oczenia p\u0142yt.<\/p><p>W technice\u00a0<strong>Direct Metal Mastering<\/strong>\u00a0ca\u0142y proces jest skr\u00f3cony. Odpowiednio przystosowana do tego celu g\u0142owica nacina rowek w p\u0142ycie miedzianej. Ta miedziana p\u0142yta od razu spe\u0142nia rol\u0119 matki i s\u0142u\u017cy do wytwarzania matryc produkcyjnych. Nacinanie w miedzi pozwala obni\u017cy\u0107 szumy i zwi\u0119kszy\u0107 dok\u0142adno\u015b\u0107 odwzorowania informacji na wy\u017cszych cz\u0119stotliwo\u015bciach, a tak\u017ce zredukowa\u0107 wzajemne oddzia\u0142ywanie s\u0105siaduj\u0105cych ze sob\u0105 rowk\u00f3w.<\/p>\t\t\t\t\t\t<\/div>\n\t\t\t\t<\/div>\n\t\t\t\t\t<\/div>\n\t\t\t\t<\/div>\n\t\t<div class=\"elementor-element elementor-element-9ffbf42 e-grid e-con-boxed wpr-particle-no wpr-jarallax-no wpr-parallax-no wpr-sticky-section-no e-con e-parent\" data-id=\"9ffbf42\" data-element_type=\"container\" data-core-v316-plus=\"true\">\n\t\t\t\t\t<div class=\"e-con-inner\">\n\t\t\t\t<div class=\"elementor-element elementor-element-06cffc4 elementor-invisible elementor-widget elementor-widget-image\" data-id=\"06cffc4\" data-element_type=\"widget\" data-settings=\"{&quot;_animation&quot;:&quot;fadeIn&quot;}\" data-widget_type=\"image.default\">\n\t\t\t\t<div class=\"elementor-widget-container\">\n\t\t\t\t\t\t\t\t\t\t\t\t\t<img decoding=\"async\" width=\"768\" height=\"768\" src=\"https:\/\/stereostyle.pl\/wordpress\/wp-content\/uploads\/2024\/04\/Zdjecie-WhatsApp-2024-04-29-o-13.05.12_175ee946-768x768.jpg\" class=\"attachment-medium_large size-medium_large wp-image-660\" alt=\"Vinyl records, Vinyls, Winyl, p\u0142yty winylowe, produkcja p\u0142yt winylowych, Stereo Style Vinyls, retro winyl, retro winyl, Stereo Style winyl\" srcset=\"https:\/\/stereostyle.pl\/wordpress\/wp-content\/uploads\/2024\/04\/Zdjecie-WhatsApp-2024-04-29-o-13.05.12_175ee946-768x768.jpg 768w, https:\/\/stereostyle.pl\/wordpress\/wp-content\/uploads\/2024\/04\/Zdjecie-WhatsApp-2024-04-29-o-13.05.12_175ee946-300x300.jpg 300w, https:\/\/stereostyle.pl\/wordpress\/wp-content\/uploads\/2024\/04\/Zdjecie-WhatsApp-2024-04-29-o-13.05.12_175ee946-150x150.jpg 150w, https:\/\/stereostyle.pl\/wordpress\/wp-content\/uploads\/2024\/04\/Zdjecie-WhatsApp-2024-04-29-o-13.05.12_175ee946.jpg 800w\" sizes=\"(max-width: 768px) 100vw, 768px\" \/>\t\t\t\t\t\t\t\t\t\t\t\t\t<\/div>\n\t\t\t\t<\/div>\n\t\t\t\t<div class=\"elementor-element elementor-element-fc0a34d elementor-invisible elementor-widget elementor-widget-image\" data-id=\"fc0a34d\" data-element_type=\"widget\" data-settings=\"{&quot;_animation&quot;:&quot;fadeIn&quot;}\" data-widget_type=\"image.default\">\n\t\t\t\t<div class=\"elementor-widget-container\">\n\t\t\t\t\t\t\t\t\t\t\t\t\t<img loading=\"lazy\" decoding=\"async\" width=\"768\" height=\"768\" src=\"https:\/\/stereostyle.pl\/wordpress\/wp-content\/uploads\/2024\/04\/IMG-20240404-WA0014-768x768.jpg\" class=\"attachment-medium_large size-medium_large wp-image-176\" alt=\"Vinyl records, Vinyls, Winyl, p\u0142yty winylowe, produkcja p\u0142yt winylowych, Stereo Style Vinyls, retro vinyl, retro winyl, Stereo Style retro winyl, stereostyle\" srcset=\"https:\/\/stereostyle.pl\/wordpress\/wp-content\/uploads\/2024\/04\/IMG-20240404-WA0014-768x768.jpg 768w, https:\/\/stereostyle.pl\/wordpress\/wp-content\/uploads\/2024\/04\/IMG-20240404-WA0014-300x300.jpg 300w, https:\/\/stereostyle.pl\/wordpress\/wp-content\/uploads\/2024\/04\/IMG-20240404-WA0014-1024x1024.jpg 1024w, https:\/\/stereostyle.pl\/wordpress\/wp-content\/uploads\/2024\/04\/IMG-20240404-WA0014-150x150.jpg 150w, https:\/\/stereostyle.pl\/wordpress\/wp-content\/uploads\/2024\/04\/IMG-20240404-WA0014.jpg 1080w\" sizes=\"(max-width: 768px) 100vw, 768px\" \/>\t\t\t\t\t\t\t\t\t\t\t\t\t<\/div>\n\t\t\t\t<\/div>\n\t\t\t\t\t<\/div>\n\t\t\t\t<\/div>\n\t\t<div class=\"elementor-element elementor-element-4ba6866 e-grid e-con-boxed wpr-particle-no wpr-jarallax-no wpr-parallax-no wpr-sticky-section-no e-con e-parent\" data-id=\"4ba6866\" data-element_type=\"container\" data-core-v316-plus=\"true\">\n\t\t\t\t\t<div class=\"e-con-inner\">\n\t\t\t\t<div class=\"elementor-element elementor-element-1f927fc elementor-invisible elementor-widget elementor-widget-text-editor\" data-id=\"1f927fc\" data-element_type=\"widget\" data-settings=\"{&quot;_animation&quot;:&quot;fadeIn&quot;}\" data-widget_type=\"text-editor.default\">\n\t\t\t\t<div class=\"elementor-widget-container\">\n\t\t\t\t\t\t\t<strong>T\u0142oczenie i produkcja p\u0142yt winylowych \u2013 Winylowy know-how<\/strong><br>\n<ul style=\"-webkit-font-smoothing: antialiased; text-rendering: optimizelegibility; padding: 0px; text-align: center; color: #444444; font-size: 17px; background-color: #fcfcfc;\">\n \t<li style=\"-webkit-font-smoothing: antialiased; text-rendering: optimizelegibility; background: #ffffff; list-style: none; box-shadow: rgba(0, 0, 0, 0.2) 0px 0px 40px; margin: 10px 0px; padding: 10px;\"><strong>LP<\/strong> \u2013 w du\u017cym skr\u00f3cie, po prostu album, albo p\u0142yta d\u0142ugograj\u0105ca. Niekt\u00f3re wydania mog\u0105 si\u0119 sk\u0142ada\u0107 nawet z trzech lub czterech winyli.<\/li>\n \t<li style=\"-webkit-font-smoothing: antialiased; text-rendering: optimizelegibility; background: #ffffff; list-style: none; box-shadow: rgba(0, 0, 0, 0.2) 0px 0px 40px; margin: 10px 0px; padding: 10px;\"><strong>EP<\/strong> \u2013 potocznie zwana epk\u0105. Z regu\u0142y 3 lub 4 utwory, zwana te\u017c mini-albumem. Mo\u017cna to uj\u0105\u0107 w ten spos\u00f3b \u2013 za du\u017ca by by\u0107 singlem, za ma\u0142a by by\u0107 albumem.<\/li>\n \t<li style=\"-webkit-font-smoothing: antialiased; text-rendering: optimizelegibility; background: #ffffff; list-style: none; box-shadow: rgba(0, 0, 0, 0.2) 0px 0px 40px; margin: 10px 0px; padding: 10px;\"><strong>Singiel<\/strong> \u2013 zawiera jeden, a czasami dwa utwory. Z regu\u0142y promuje d\u0142u\u017csze wydawnictwo, czyli album (cz\u0119sto w formacie p\u0142yty 7\u2033).<\/li>\n \t<li style=\"-webkit-font-smoothing: antialiased; text-rendering: optimizelegibility; background: #ffffff; list-style: none; box-shadow: rgba(0, 0, 0, 0.2) 0px 0px 40px; margin: 10px 0px; padding: 10px;\"><strong>Maxi Singiel<\/strong> \u2013 singiel, ale w d\u0142u\u017cszej, bardziej klubowej wersji. Zawiera utwory w wersji extended, czasami na max-singlu znajdziemy a capelle, remixy itp. W formacie p\u0142yty 12\u2033.<\/li>\n \t<li style=\"-webkit-font-smoothing: antialiased; text-rendering: optimizelegibility; background: #ffffff; list-style: none; box-shadow: rgba(0, 0, 0, 0.2) 0px 0px 40px; margin: 10px 0px; padding: 10px;\"><strong>RE<\/strong> \u2013 reissue, czy repress. Oznacza to w skr\u00f3cie, \u017ce dana p\u0142yta winylowa by\u0142a wydana ju\u017c wcze\u015bniej, a my mamy do czynienia z jej kolejnym wydaniem.<\/li>\n   <li style=\"-webkit-font-smoothing: antialiased; text-rendering: optimizelegibility; background: #ffffff; list-style: none; box-shadow: rgba(0, 0, 0, 0.2) 0px 0px 40px; margin: 10px 0px; padding: 10px;\"><strong>LTD<\/strong> \u2013 czyli limited. Oznacza to, \u017ce nak\u0142ad p\u0142yty by\u0142 limitowany, i z regu\u0142y bardzo niedu\u017cy.<\/li>\n   <li style=\"-webkit-font-smoothing: antialiased; text-rendering: optimizelegibility; background: #ffffff; list-style: none; box-shadow: rgba(0, 0, 0, 0.2) 0px 0px 40px; margin: 10px 0px; padding: 10px;\"><strong>PROMO<\/strong> \u2013 wersja promo, czyli nie przeznaczona do sprzeda\u017cy, tylko jak sama nazwa wskazuje, do promocji.<\/li>\n   <li style=\"-webkit-font-smoothing: antialiased; text-rendering: optimizelegibility; background: #ffffff; list-style: none; box-shadow: rgba(0, 0, 0, 0.2) 0px 0px 40px; margin: 10px 0px; padding: 10px;\"><strong>ALBUM SAMPLER<\/strong> \u2013 wydawnictwo przedstawiaj\u0105ce artyst\u00f3w z danego labelu, czyli okrojona (i zazwyczaj ta\u0144sza) wersja ca\u0142ego albumu.<\/li>\n   <li style=\"-webkit-font-smoothing: antialiased; text-rendering: optimizelegibility; background: #ffffff; list-style: none; box-shadow: rgba(0, 0, 0, 0.2) 0px 0px 40px; margin: 10px 0px; padding: 10px;\"><strong>RED, GREEN itp.<\/strong> \u2013 je\u015bli p\u0142yta winylowa jest kolorowa, z regu\u0142 posiada dopisek z nazw\u0105 koloru lub jej skr\u00f3tem.<\/li>\n<\/ul>\t\t\t\t\t\t<\/div>\n\t\t\t\t<\/div>\n\t\t\t\t\t<\/div>\n\t\t\t\t<\/div>\n\t\t\t\t<\/div>\n\t\t","protected":false},"excerpt":{"rendered":"<p>Produkcja p\u0142yt winylowych \u2013 Informacje techniczne P\u0142yty winylowe lub gramofonowe wykonane s\u0105 z granulatu polichlorku winylu. Kiedy\u015b produkowano je z du\u017co mniej plastycznego materia\u0142u, dlatego wsp\u00f3\u0142czesne nieco si\u0119 r\u00f3\u017cni\u0105 (s\u0105 wi\u0119ksze i l\u017cejsze). Wyr\u00f3\u017cniamy \u00a03 pr\u0119dko\u015bci odtwarzania \u00a0p\u0142yt winylowych \u2013\u00a033 1\/3 RPM\u00a0(RPM = routes per minute, czyli ilo\u015b\u0107 obrot\u00f3w talerza na minut\u0119) ,\u00a045 obr.\/min., oraz\u00a078 [&hellip;]<\/p>\n","protected":false},"author":1,"featured_media":0,"parent":0,"menu_order":0,"comment_status":"closed","ping_status":"closed","template":"","meta":{"footnotes":""},"class_list":["post-192","page","type-page","status-publish","hentry"],"_links":{"self":[{"href":"https:\/\/stereostyle.pl\/wordpress\/wp-json\/wp\/v2\/pages\/192","targetHints":{"allow":["GET"]}}],"collection":[{"href":"https:\/\/stereostyle.pl\/wordpress\/wp-json\/wp\/v2\/pages"}],"about":[{"href":"https:\/\/stereostyle.pl\/wordpress\/wp-json\/wp\/v2\/types\/page"}],"author":[{"embeddable":true,"href":"https:\/\/stereostyle.pl\/wordpress\/wp-json\/wp\/v2\/users\/1"}],"replies":[{"embeddable":true,"href":"https:\/\/stereostyle.pl\/wordpress\/wp-json\/wp\/v2\/comments?post=192"}],"version-history":[{"count":38,"href":"https:\/\/stereostyle.pl\/wordpress\/wp-json\/wp\/v2\/pages\/192\/revisions"}],"predecessor-version":[{"id":708,"href":"https:\/\/stereostyle.pl\/wordpress\/wp-json\/wp\/v2\/pages\/192\/revisions\/708"}],"wp:attachment":[{"href":"https:\/\/stereostyle.pl\/wordpress\/wp-json\/wp\/v2\/media?parent=192"}],"curies":[{"name":"wp","href":"https:\/\/api.w.org\/{rel}","templated":true}]}}