{"id":45,"date":"2024-04-11T09:51:13","date_gmt":"2024-04-11T07:51:13","guid":{"rendered":"http:\/\/stereostyle.pl\/wordpress\/?page_id=45"},"modified":"2025-03-14T22:23:56","modified_gmt":"2025-03-14T21:23:56","slug":"o-nas","status":"publish","type":"page","link":"https:\/\/stereostyle.pl\/wordpress\/o-nas\/","title":{"rendered":"O nas"},"content":{"rendered":"\t\t<div data-elementor-type=\"wp-page\" data-elementor-id=\"45\" class=\"elementor elementor-45\">\n\t\t\t\t<div class=\"elementor-element elementor-element-a8ab10f e-grid e-con-full wpr-particle-no wpr-sticky-section-no elementor-invisible e-con e-parent\" data-id=\"a8ab10f\" data-element_type=\"container\" data-settings=\"{&quot;animation&quot;:&quot;fadeIn&quot;}\" data-core-v316-plus=\"true\">\n\t\t\t\t<div class=\"elementor-element elementor-element-f19b78e animated-slow elementor-widget elementor-widget-text-editor\" data-id=\"f19b78e\" data-element_type=\"widget\" data-settings=\"{&quot;_animation&quot;:&quot;none&quot;}\" data-widget_type=\"text-editor.default\">\n\t\t\t\t<div class=\"elementor-widget-container\">\n\t\t\t<style>\/*! elementor - v3.20.0 - 10-04-2024 *\/\n.elementor-widget-text-editor.elementor-drop-cap-view-stacked .elementor-drop-cap{background-color:#69727d;color:#fff}.elementor-widget-text-editor.elementor-drop-cap-view-framed .elementor-drop-cap{color:#69727d;border:3px solid;background-color:transparent}.elementor-widget-text-editor:not(.elementor-drop-cap-view-default) .elementor-drop-cap{margin-top:8px}.elementor-widget-text-editor:not(.elementor-drop-cap-view-default) .elementor-drop-cap-letter{width:1em;height:1em}.elementor-widget-text-editor .elementor-drop-cap{float:left;text-align:center;line-height:1;font-size:50px}.elementor-widget-text-editor .elementor-drop-cap-letter{display:inline-block}<\/style>\t\t\t\t<h3 style=\"text-align: center;\"><em><strong>Prawie 35 lat do\u015bwiadczenia<\/strong><\/em><\/h3><p>O <b>konkurencyjno\u015bci<\/b> Stereo Style na rynku \u015bwiadczy przede wszystkim kompleksowo\u015b\u0107 us\u0142ug dostarczanych klientom. Proces produkcji p\u0142yty to szereg etap\u00f3w, a ka\u017cdy z nich mo\u017ce by\u0107 zrealizowany w Stereo Style.<\/p><p>Zaufa\u0142o nam wiele gwiazd polskiej i \u015bwiatowej sceny muzycznej. Pracujemy m.in. na rzecz klient\u00f3w indywidualnych oraz najwi\u0119kszych firm fonograficznych, wydawnictw prasowych, agencji reklamowych, dystrybutor\u00f3w i producent\u00f3w film\u00f3w, instytucji, przedsi\u0119biorstw krajowych i zagranicznych.<\/p>\t\t\t\t\t\t<\/div>\n\t\t\t\t<\/div>\n\t\t\t\t<div class=\"elementor-element elementor-element-833b2bb onas-zdj elementor-invisible elementor-widget elementor-widget-image\" data-id=\"833b2bb\" data-element_type=\"widget\" data-settings=\"{&quot;_animation&quot;:&quot;fadeInRight&quot;}\" data-widget_type=\"image.default\">\n\t\t\t\t<div class=\"elementor-widget-container\">\n\t\t\t<style>\/*! elementor - v3.20.0 - 10-04-2024 *\/\n.elementor-widget-image{text-align:center}.elementor-widget-image a{display:inline-block}.elementor-widget-image a img[src$=\".svg\"]{width:48px}.elementor-widget-image img{vertical-align:middle;display:inline-block}<\/style>\t\t\t\t\t\t\t\t\t\t<img fetchpriority=\"high\" decoding=\"async\" width=\"1024\" height=\"681\" src=\"https:\/\/stereostyle.pl\/wordpress\/wp-content\/uploads\/2024\/04\/pexels-brett-sayles-4086274-scaled-1-1024x681.jpg\" class=\"attachment-large size-large wp-image-299\" alt=\"\" srcset=\"https:\/\/stereostyle.pl\/wordpress\/wp-content\/uploads\/2024\/04\/pexels-brett-sayles-4086274-scaled-1-1024x681.jpg 1024w, https:\/\/stereostyle.pl\/wordpress\/wp-content\/uploads\/2024\/04\/pexels-brett-sayles-4086274-scaled-1-300x200.jpg 300w, https:\/\/stereostyle.pl\/wordpress\/wp-content\/uploads\/2024\/04\/pexels-brett-sayles-4086274-scaled-1-768x511.jpg 768w, https:\/\/stereostyle.pl\/wordpress\/wp-content\/uploads\/2024\/04\/pexels-brett-sayles-4086274-scaled-1-1536x1022.jpg 1536w, https:\/\/stereostyle.pl\/wordpress\/wp-content\/uploads\/2024\/04\/pexels-brett-sayles-4086274-scaled-1-2048x1362.jpg 2048w\" sizes=\"(max-width: 1024px) 100vw, 1024px\" \/>\t\t\t\t\t\t\t\t\t\t\t\t\t<\/div>\n\t\t\t\t<\/div>\n\t\t\t\t<\/div>\n\t\t<div class=\"elementor-element elementor-element-32f6216 e-grid e-con-full wpr-jarallax-no wpr-sticky-section-no elementor-invisible e-con e-parent\" data-id=\"32f6216\" data-element_type=\"container\" data-settings=\"{&quot;animation&quot;:&quot;fadeIn&quot;}\" data-core-v316-plus=\"true\">\n\t\t\t\t<div class=\"elementor-element elementor-element-c45fe8f onas-zdj elementor-invisible elementor-widget elementor-widget-image\" data-id=\"c45fe8f\" data-element_type=\"widget\" data-settings=\"{&quot;_animation&quot;:&quot;fadeInLeft&quot;}\" data-widget_type=\"image.default\">\n\t\t\t\t<div class=\"elementor-widget-container\">\n\t\t\t\t\t\t\t\t\t\t\t\t\t<img decoding=\"async\" width=\"910\" height=\"607\" src=\"https:\/\/stereostyle.pl\/wordpress\/wp-content\/uploads\/2024\/04\/dominican-republic-santo-domingo-mastering-engineering.jpg\" class=\"attachment-large size-large wp-image-298\" alt=\"mastering engineering, mixing stereo style, mixing sound\" srcset=\"https:\/\/stereostyle.pl\/wordpress\/wp-content\/uploads\/2024\/04\/dominican-republic-santo-domingo-mastering-engineering.jpg 910w, https:\/\/stereostyle.pl\/wordpress\/wp-content\/uploads\/2024\/04\/dominican-republic-santo-domingo-mastering-engineering-300x200.jpg 300w, https:\/\/stereostyle.pl\/wordpress\/wp-content\/uploads\/2024\/04\/dominican-republic-santo-domingo-mastering-engineering-768x512.jpg 768w\" sizes=\"(max-width: 910px) 100vw, 910px\" \/>\t\t\t\t\t\t\t\t\t\t\t\t\t<\/div>\n\t\t\t\t<\/div>\n\t\t\t\t<div class=\"elementor-element elementor-element-f005da0 animated-slow elementor-widget elementor-widget-text-editor\" data-id=\"f005da0\" data-element_type=\"widget\" data-settings=\"{&quot;_animation&quot;:&quot;none&quot;}\" data-widget_type=\"text-editor.default\">\n\t\t\t\t<div class=\"elementor-widget-container\">\n\t\t\t\t\t\t\t<p style=\"-webkit-font-smoothing: antialiased; text-rendering: optimizelegibility;\"><span style=\"-webkit-font-smoothing: antialiased; text-rendering: optimizelegibility;\">&nbsp;<\/span><\/p>\n<p style=\"-webkit-font-smoothing: antialiased; text-rendering: optimizelegibility;\"><span style=\"-webkit-font-smoothing: antialiased; text-rendering: optimizelegibility;\">Laboratoryjne warunki, wzorowa wr\u0119cz dok\u0142adno\u015b\u0107 i skrupulatna kontrola ka\u017cdego z produkt\u00f3w to tylko niekt\u00f3re z naszych atut\u00f3w. Jako\u015b\u0107 no\u015bnik\u00f3w sprawdzana jest na ka\u017cdym etapie produkcji.<\/span><\/p>\n<p style=\"-webkit-font-smoothing: antialiased; text-rendering: optimizelegibility;\"><span style=\"-webkit-font-smoothing: antialiased; text-rendering: optimizelegibility;\">Przewag\u0119 konkurencyjn\u0105 zdobywamy dzi\u0119ki najnowszym technologiom oraz fachowemu personelowi. Zadowolenie klienta jest nadrz\u0119dn\u0105 warto\u015bci\u0105, kt\u00f3r\u0105 kierujemy si\u0119 we wszystkich dzia\u0142aniach firmy.<\/span><\/p>\t\t\t\t\t\t<\/div>\n\t\t\t\t<\/div>\n\t\t\t\t<\/div>\n\t\t<div class=\"wpr-jarallax elementor-element elementor-element-f2663c6 e-con-full wpr-jarallax-yes e-flex wpr-parallax-no wpr-sticky-section-no elementor-invisible e-con e-parent\" speed-data=\"1.3\" bg-image=\"http:\/\/stereostyle.pl\/wordpress\/wp-content\/uploads\/2024\/04\/180-1024x683-1.jpg\" scroll-effect=\"scroll\" data-id=\"f2663c6\" data-element_type=\"container\" data-settings=\"{&quot;animation&quot;:&quot;fadeIn&quot;}\" data-core-v316-plus=\"true\">\n\t\t\t\t<div class=\"elementor-element elementor-element-2bc4882 e-transform elementor-widget elementor-widget-heading\" data-id=\"2bc4882\" data-element_type=\"widget\" data-settings=\"{&quot;_transform_translateY_effect&quot;:{&quot;unit&quot;:&quot;px&quot;,&quot;size&quot;:60,&quot;sizes&quot;:[]},&quot;_transform_translateX_effect&quot;:{&quot;unit&quot;:&quot;px&quot;,&quot;size&quot;:&quot;&quot;,&quot;sizes&quot;:[]},&quot;_transform_translateX_effect_tablet&quot;:{&quot;unit&quot;:&quot;px&quot;,&quot;size&quot;:&quot;&quot;,&quot;sizes&quot;:[]},&quot;_transform_translateX_effect_mobile&quot;:{&quot;unit&quot;:&quot;px&quot;,&quot;size&quot;:&quot;&quot;,&quot;sizes&quot;:[]},&quot;_transform_translateY_effect_tablet&quot;:{&quot;unit&quot;:&quot;px&quot;,&quot;size&quot;:&quot;&quot;,&quot;sizes&quot;:[]},&quot;_transform_translateY_effect_mobile&quot;:{&quot;unit&quot;:&quot;px&quot;,&quot;size&quot;:&quot;&quot;,&quot;sizes&quot;:[]}}\" data-widget_type=\"heading.default\">\n\t\t\t\t<div class=\"elementor-widget-container\">\n\t\t\t<style>\/*! elementor - v3.20.0 - 10-04-2024 *\/\n.elementor-heading-title{padding:0;margin:0;line-height:1}.elementor-widget-heading .elementor-heading-title[class*=elementor-size-]>a{color:inherit;font-size:inherit;line-height:inherit}.elementor-widget-heading .elementor-heading-title.elementor-size-small{font-size:15px}.elementor-widget-heading .elementor-heading-title.elementor-size-medium{font-size:19px}.elementor-widget-heading .elementor-heading-title.elementor-size-large{font-size:29px}.elementor-widget-heading .elementor-heading-title.elementor-size-xl{font-size:39px}.elementor-widget-heading .elementor-heading-title.elementor-size-xxl{font-size:59px}<\/style><h2 class=\"elementor-heading-title elementor-size-default\">Jak to wszystko si\u0119 zacz\u0119\u0142o<\/h2>\t\t<\/div>\n\t\t\t\t<\/div>\n\t\t\t\t<\/div>\n\t\t<div class=\"elementor-element elementor-element-99f121f e-con-full e-flex wpr-particle-no wpr-jarallax-no wpr-parallax-no wpr-sticky-section-no e-con e-parent\" data-id=\"99f121f\" data-element_type=\"container\" data-core-v316-plus=\"true\">\n\t\t<div class=\"elementor-element elementor-element-d49d7bb e-con-full e-flex wpr-particle-no wpr-jarallax-no wpr-parallax-no wpr-sticky-section-no e-con e-child\" data-id=\"d49d7bb\" data-element_type=\"container\">\n\t\t\t\t<\/div>\n\t\t<div class=\"elementor-element elementor-element-5a93502 e-con-full e-flex wpr-particle-no wpr-jarallax-no wpr-parallax-no wpr-sticky-section-no elementor-invisible e-con e-child\" data-id=\"5a93502\" data-element_type=\"container\" data-settings=\"{&quot;animation&quot;:&quot;fadeIn&quot;}\">\n\t\t\t\t<div class=\"elementor-element elementor-element-aa12fdf elementor-widget elementor-widget-shortcode\" data-id=\"aa12fdf\" data-element_type=\"widget\" data-widget_type=\"shortcode.default\">\n\t\t\t\t<div class=\"elementor-widget-container\">\n\t\t\t\t\t<div class=\"elementor-shortcode\"><iframe width=\"560\" height=\"315\" src=\"https:\/\/www.youtube.com\/embed\/8SaYiuqhi_Y?si=GRJT-Zc5uIBlJNyX\" title=\"YouTube video player\" frameborder=\"0\" allow=\"accelerometer; autoplay; clipboard-write; encrypted-media; gyroscope; picture-in-picture; web-share\" referrerpolicy=\"strict-origin-when-cross-origin\" allowfullscreen><\/iframe><\/div>\n\t\t\t\t<\/div>\n\t\t\t\t<\/div>\n\t\t\t\t<\/div>\n\t\t<div class=\"elementor-element elementor-element-08ae590 e-con-full e-flex wpr-particle-no wpr-jarallax-no wpr-parallax-no wpr-sticky-section-no e-con e-child\" data-id=\"08ae590\" data-element_type=\"container\">\n\t\t\t\t<\/div>\n\t\t\t\t<\/div>\n\t\t<div class=\"elementor-element elementor-element-d760146 e-grid e-con-boxed wpr-particle-no wpr-jarallax-no wpr-parallax-no wpr-sticky-section-no e-con e-parent\" data-id=\"d760146\" data-element_type=\"container\" data-core-v316-plus=\"true\">\n\t\t\t\t\t<div class=\"e-con-inner\">\n\t\t\t\t<div class=\"elementor-element elementor-element-aa7268b elementor-invisible elementor-widget elementor-widget-text-editor\" data-id=\"aa7268b\" data-element_type=\"widget\" data-settings=\"{&quot;_animation&quot;:&quot;fadeIn&quot;}\" data-widget_type=\"text-editor.default\">\n\t\t\t\t<div class=\"elementor-widget-container\">\n\t\t\t\t\t\t\t<p>\u201eProwadzili\u015bmy z koleg\u0105 handel obwo\u017any. Prawie ka\u017cdy tak zaczyna\u0142. Je\u017adzili\u015bmy na plac targowy. Po cukier, m\u0105k\u0119&#8230; Znajomy prowadzi\u0142 ma\u0142\u0105 hurtowni\u0119 muzyczn\u0105. Pyta\u0142, czy by\u015bmy nie chcieli te\u017c handlowa\u0107 kasetami. No i tak si\u0119 zacz\u0119\u0142o&#8230; Zacz\u0119li\u015bmy na placach handlowa\u0107 kasetami\u2026\u201d \u2014 Marek\u00a0Ziemianin.<\/p>\t\t\t\t\t\t<\/div>\n\t\t\t\t<\/div>\n\t\t\t\t<div class=\"elementor-element elementor-element-c35792d elementor-invisible elementor-widget elementor-widget-text-editor\" data-id=\"c35792d\" data-element_type=\"widget\" data-settings=\"{&quot;_animation&quot;:&quot;fadeIn&quot;}\" data-widget_type=\"text-editor.default\">\n\t\t\t\t<div class=\"elementor-widget-container\">\n\t\t\t\t\t\t\t<p>\u201e\u2026Je\u017adzili\u015bmy praktycznie po ca\u0142ej Polsce. Mieli\u015bmy taki okres, \u017ce Adam prowadzi\u0142 firm\u0119 fonograficzn\u0105 w Szczecinie. On je\u017adzi\u0142 na p\u00f3\u0142nocy: Szczecin, Ko\u0142obrzeg, Gda\u0144sk, Zielona G\u00f3ra, Pozna\u0144. Ja je\u017adzi\u0142em od strony Krakowa: Bytom, ca\u0142y \u015al\u0105sk, Wa\u0142brzych, Jelenia G\u00f3ra, Wroc\u0142aw. Wreszcie si\u0119 spotykali\u015bmy, wymieniali\u015bmy si\u0119 kasetami od producent\u00f3w. Ja zawozi\u0142em mu krakowskich, a on ze Szczecina. P\u00f3\u017aniej on handlowa\u0142 u g\u00f3ry, ja u do\u0142u kraju. Je\u017adzili\u015bmy do Lublina, do Rzeszowa, zje\u017adzili\u015bmy si\u0119 du\u017co\u2026\u201d \u2014 Marek\u00a0Ziemianin.<\/p>\t\t\t\t\t\t<\/div>\n\t\t\t\t<\/div>\n\t\t\t\t\t<\/div>\n\t\t\t\t<\/div>\n\t\t<div class=\"elementor-element elementor-element-41e8347 e-grid e-con-boxed wpr-particle-no wpr-jarallax-no wpr-parallax-no wpr-sticky-section-no e-con e-parent\" data-id=\"41e8347\" data-element_type=\"container\" data-core-v316-plus=\"true\">\n\t\t\t\t\t<div class=\"e-con-inner\">\n\t\t\t\t<div class=\"elementor-element elementor-element-c56a2bb elementor-invisible elementor-widget elementor-widget-text-editor\" data-id=\"c56a2bb\" data-element_type=\"widget\" data-settings=\"{&quot;_animation&quot;:&quot;fadeIn&quot;}\" data-widget_type=\"text-editor.default\">\n\t\t\t\t<div class=\"elementor-widget-container\">\n\t\t\t\t\t\t\t<p>\u201eNagrywali\u015bmy na pocz\u0105tku na magnetofony \u201eDiora\u201d ze wzgl\u0119du na wysok\u0105 jako\u015b\u0107 i dost\u0119pno\u015b\u0107 cz\u0119\u015bci. Szczerze m\u00f3wi\u0105c, lepsze by\u0142y od Technik\u00f3w. Jako\u015bciowo &#8211; wytrzymalsze. Ustawia\u0142o si\u0119 je poziomo i w rz\u0119dach. Wygl\u0105da\u0142o to w ten spos\u00f3b, \u017ce kto\u015b kto to obs\u0142ugiwa\u0142 musia\u0142 wszystkie kieszenie otworzy\u0107, w\u0142o\u017cy\u0107 kaset\u0119 odpowiedni\u0105 stron\u0105, zamkn\u0105\u0107, przewin\u0105\u0107 do pocz\u0105tku, wcisn\u0105\u0107 play na wszystkich kieszeniach, z matki puszcza\u0142 sygna\u0142 na wszystkie magnetofony. Nagrywa\u0142o si\u0119 z pr\u0119dko\u015bci\u0105 jednokrotn\u0105 lub dwukrotn\u0105. Ta\u015bma musia\u0142a doj\u015b\u0107 do samego ko\u0144ca. Wtedy wszystkie przyciski wybija\u0142y. Trzeba by\u0142o nacisn\u0105\u0107 otwieranie, wyci\u0105gn\u0105\u0107 te kasety, za\u0142adowa\u0107 nast\u0119pne\u2026 i t\u0105 czynno\u015b\u0107 powt\u00f3rzy\u0107. Du\u017co zale\u017ca\u0142o te\u017c od szybko\u015bci tej pracy. \u015amiali\u015bmy si\u0119 i m\u00f3wili\u015bmy (nie tylko w naszej firmie, tylko w og\u00f3le w bran\u017cy), \u017ce to by\u0142y &#8222;\u015aciany P\u0142aczu&#8221;. Jak by\u0142o 100 magnetofon\u00f3w, to 200 kieszeni trzeba by\u0142o otworzy\u0107, 200 kieszeni za\u0142adowa\u0107, no to troch\u0119 to trwa\u0142o. Chodzi\u0142o o to, \u017ceby zrobi\u0107 to najkr\u00f3tszym czasie\u2026\u201d \u2014 Marek\u00a0Ziemianin.<\/p>\t\t\t\t\t\t<\/div>\n\t\t\t\t<\/div>\n\t\t\t\t\t<\/div>\n\t\t\t\t<\/div>\n\t\t<div class=\"elementor-element elementor-element-2930ed7 e-flex e-con-boxed wpr-particle-no wpr-jarallax-no wpr-parallax-no wpr-sticky-section-no e-con e-parent\" data-id=\"2930ed7\" data-element_type=\"container\" data-core-v316-plus=\"true\">\n\t\t\t\t\t<div class=\"e-con-inner\">\n\t\t\t\t<div class=\"elementor-element elementor-element-50ddda7 elementor-widget elementor-widget-html\" data-id=\"50ddda7\" data-element_type=\"widget\" data-widget_type=\"html.default\">\n\t\t\t\t<div class=\"elementor-widget-container\">\n\t\t\t<p><strong>Stereo Style jest cz\u0119\u015bci\u0105 <a href=\"https:\/\/digitalheritage.pl\/2024\/04\/18\/szlak-dziedzictwa-cyfrowego\/\">Turystycznego Szlaku Cyfrowego Dziedzictwa Kulturowego w Polsce<\/a>. Szlak ten obejmuje 37 miejsc (stan na 12.03.2025), takich jak muzea i instytucje para-muzealne, kt\u00f3re chroni\u0105 i zachowuj\u0105 artefakty cyfrowego dziedzictwa kulturowego.<\/strong><br>\nNajwi\u0119cej takich plac\u00f3wek znajduje si\u0119 w aglomeracjach krakowskiej, warszawskiej i \u0142\u00f3dzkiej, a tak\u017ce w wojew\u00f3dztwach ma\u0142opolskim, dolno\u015bl\u0105skim, \u0142\u00f3dzkim i mazowieckim. Turystyczny Szlak Cyfrowego Dziedzictwa Kulturowego rozpoczyna si\u0119 w po\u0142udniowej Polsce i ko\u0144czy na Pomorzu, oferuj\u0105c zwiedzaj\u0105cym mo\u017cliwo\u015b\u0107 poznania historii polskiej komputeryzacji, retrocomputingu i retrogamingu.<\/p>\t\t<\/div>\n\t\t\t\t<\/div>\n\t\t\t\t\t<\/div>\n\t\t\t\t<\/div>\n\t\t<div class=\"elementor-element elementor-element-14bf29b e-flex e-con-boxed wpr-particle-no wpr-jarallax-no wpr-parallax-no wpr-sticky-section-no e-con e-parent\" data-id=\"14bf29b\" data-element_type=\"container\" data-core-v316-plus=\"true\">\n\t\t\t\t\t<div class=\"e-con-inner\">\n\t\t\t\t<div class=\"elementor-element elementor-element-8164b4d elementor-widget elementor-widget-image\" data-id=\"8164b4d\" data-element_type=\"widget\" data-widget_type=\"image.default\">\n\t\t\t\t<div class=\"elementor-widget-container\">\n\t\t\t\t\t\t\t\t\t\t\t\t\t<img decoding=\"async\" width=\"768\" height=\"768\" src=\"https:\/\/stereostyle.pl\/wordpress\/wp-content\/uploads\/2025\/03\/retro-DigiMap-768x768-1.png\" class=\"attachment-large size-large wp-image-868\" alt=\"\" srcset=\"https:\/\/stereostyle.pl\/wordpress\/wp-content\/uploads\/2025\/03\/retro-DigiMap-768x768-1.png 768w, https:\/\/stereostyle.pl\/wordpress\/wp-content\/uploads\/2025\/03\/retro-DigiMap-768x768-1-300x300.png 300w, https:\/\/stereostyle.pl\/wordpress\/wp-content\/uploads\/2025\/03\/retro-DigiMap-768x768-1-150x150.png 150w\" sizes=\"(max-width: 768px) 100vw, 768px\" \/>\t\t\t\t\t\t\t\t\t\t\t\t\t<\/div>\n\t\t\t\t<\/div>\n\t\t\t\t\t<\/div>\n\t\t\t\t<\/div>\n\t\t\t\t<\/div>\n\t\t","protected":false},"excerpt":{"rendered":"<p>Prawie 35 lat do\u015bwiadczenia O konkurencyjno\u015bci Stereo Style na rynku \u015bwiadczy przede wszystkim kompleksowo\u015b\u0107 us\u0142ug dostarczanych klientom. Proces produkcji p\u0142yty to szereg etap\u00f3w, a ka\u017cdy z nich mo\u017ce by\u0107 zrealizowany w Stereo Style. Zaufa\u0142o nam wiele gwiazd polskiej i \u015bwiatowej sceny muzycznej. Pracujemy m.in. na rzecz klient\u00f3w indywidualnych oraz najwi\u0119kszych firm fonograficznych, wydawnictw prasowych, agencji [&hellip;]<\/p>\n","protected":false},"author":1,"featured_media":7,"parent":0,"menu_order":0,"comment_status":"closed","ping_status":"closed","template":"","meta":{"footnotes":""},"class_list":["post-45","page","type-page","status-publish","has-post-thumbnail","hentry"],"_links":{"self":[{"href":"https:\/\/stereostyle.pl\/wordpress\/wp-json\/wp\/v2\/pages\/45","targetHints":{"allow":["GET"]}}],"collection":[{"href":"https:\/\/stereostyle.pl\/wordpress\/wp-json\/wp\/v2\/pages"}],"about":[{"href":"https:\/\/stereostyle.pl\/wordpress\/wp-json\/wp\/v2\/types\/page"}],"author":[{"embeddable":true,"href":"https:\/\/stereostyle.pl\/wordpress\/wp-json\/wp\/v2\/users\/1"}],"replies":[{"embeddable":true,"href":"https:\/\/stereostyle.pl\/wordpress\/wp-json\/wp\/v2\/comments?post=45"}],"version-history":[{"count":125,"href":"https:\/\/stereostyle.pl\/wordpress\/wp-json\/wp\/v2\/pages\/45\/revisions"}],"predecessor-version":[{"id":871,"href":"https:\/\/stereostyle.pl\/wordpress\/wp-json\/wp\/v2\/pages\/45\/revisions\/871"}],"wp:featuredmedia":[{"embeddable":true,"href":"https:\/\/stereostyle.pl\/wordpress\/wp-json\/wp\/v2\/media\/7"}],"wp:attachment":[{"href":"https:\/\/stereostyle.pl\/wordpress\/wp-json\/wp\/v2\/media?parent=45"}],"curies":[{"name":"wp","href":"https:\/\/api.w.org\/{rel}","templated":true}]}}